{"id":393,"date":"2026-01-19T09:55:59","date_gmt":"2026-01-19T06:55:59","guid":{"rendered":"http:\/\/localhost\/wordpress\/?page_id=393"},"modified":"2026-04-10T17:31:17","modified_gmt":"2026-04-10T14:31:17","slug":"ally","status":"publish","type":"page","link":"https:\/\/kolaysofteczaci.com\/index.php\/ally\/","title":{"rendered":"ALLY"},"content":{"rendered":"\t\t<div data-elementor-type=\"wp-page\" data-elementor-id=\"393\" class=\"elementor elementor-393\" data-elementor-post-type=\"page\">\n\t\t\t\t\t\t<section class=\"elementor-section elementor-top-section elementor-element elementor-element-6b68752f elementor-section-boxed elementor-section-height-default elementor-section-height-default wpr-particle-no wpr-jarallax-no wpr-parallax-no wpr-sticky-section-no\" data-id=\"6b68752f\" data-element_type=\"section\" data-settings=\"{&quot;background_background&quot;:&quot;classic&quot;}\">\n\t\t\t\t\t\t<div class=\"elementor-container elementor-column-gap-default\">\n\t\t\t\t\t<div class=\"elementor-column elementor-col-100 elementor-top-column elementor-element elementor-element-24a455c1\" data-id=\"24a455c1\" data-element_type=\"column\">\n\t\t\t<div class=\"elementor-widget-wrap elementor-element-populated\">\n\t\t\t\t\t\t<section class=\"elementor-section elementor-inner-section elementor-element elementor-element-5cf45d36 elementor-section-boxed elementor-section-height-default elementor-section-height-default wpr-particle-no wpr-jarallax-no wpr-parallax-no wpr-sticky-section-no\" data-id=\"5cf45d36\" data-element_type=\"section\">\n\t\t\t\t\t\t<div class=\"elementor-container elementor-column-gap-default\">\n\t\t\t\t\t<div class=\"elementor-column elementor-col-100 elementor-inner-column elementor-element elementor-element-79b0c16f\" data-id=\"79b0c16f\" data-element_type=\"column\">\n\t\t\t<div class=\"elementor-widget-wrap elementor-element-populated\">\n\t\t\t\t\t\t<div class=\"elementor-element elementor-element-676143ef elementor-widget elementor-widget-heading\" data-id=\"676143ef\" data-element_type=\"widget\" data-widget_type=\"heading.default\">\n\t\t\t\t\t<h1 class=\"elementor-heading-title elementor-size-default\">ALLY<\/h1>\t\t\t\t<\/div>\n\t\t\t\t\t<\/div>\n\t\t<\/div>\n\t\t\t\t\t<\/div>\n\t\t<\/section>\n\t\t\t\t\t<\/div>\n\t\t<\/div>\n\t\t\t\t\t<\/div>\n\t\t<\/section>\n\t\t\t\t<section class=\"elementor-section elementor-top-section elementor-element elementor-element-65bc1906 elementor-section-boxed elementor-section-height-default elementor-section-height-default wpr-particle-no wpr-jarallax-no wpr-parallax-no wpr-sticky-section-no\" data-id=\"65bc1906\" data-element_type=\"section\">\n\t\t\t\t\t\t<div class=\"elementor-container elementor-column-gap-default\">\n\t\t\t\t\t<div class=\"elementor-column elementor-col-100 elementor-top-column elementor-element elementor-element-32491d9\" data-id=\"32491d9\" data-element_type=\"column\">\n\t\t\t<div class=\"elementor-widget-wrap elementor-element-populated\">\n\t\t\t\t\t\t<section class=\"elementor-section elementor-inner-section elementor-element elementor-element-37719327 elementor-section-boxed elementor-section-height-default elementor-section-height-default wpr-particle-no wpr-jarallax-no wpr-parallax-no wpr-sticky-section-no\" data-id=\"37719327\" data-element_type=\"section\">\n\t\t\t\t\t\t<div class=\"elementor-container elementor-column-gap-default\">\n\t\t\t\t\t<div class=\"elementor-column elementor-col-33 elementor-inner-column elementor-element elementor-element-5d2db232\" data-id=\"5d2db232\" data-element_type=\"column\">\n\t\t\t<div class=\"elementor-widget-wrap\">\n\t\t\t\t\t\t\t<\/div>\n\t\t<\/div>\n\t\t\t\t<div class=\"elementor-column elementor-col-33 elementor-inner-column elementor-element elementor-element-142f0ddc\" data-id=\"142f0ddc\" data-element_type=\"column\">\n\t\t\t<div class=\"elementor-widget-wrap elementor-element-populated\">\n\t\t\t\t\t\t<div class=\"elementor-element elementor-element-720f8221 elementor-widget elementor-widget-heading\" data-id=\"720f8221\" data-element_type=\"widget\" data-widget_type=\"heading.default\">\n\t\t\t\t\t<h2 class=\"elementor-heading-title elementor-size-default\">Dijital Asistan\u0131n\u0131z Ally ile<\/h2>\t\t\t\t<\/div>\n\t\t\t\t<div class=\"elementor-element elementor-element-4fcadd98 elementor-widget elementor-widget-heading\" data-id=\"4fcadd98\" data-element_type=\"widget\" data-widget_type=\"heading.default\">\n\t\t\t\t\t<h3 class=\"elementor-heading-title elementor-size-default\">Siz Neredeyseniz \nEczanenizin Ekonomisi Art\u0131k Orada!<\/h3>\t\t\t\t<\/div>\n\t\t\t\t\t<\/div>\n\t\t<\/div>\n\t\t\t\t<div class=\"elementor-column elementor-col-33 elementor-inner-column elementor-element elementor-element-66967669\" data-id=\"66967669\" data-element_type=\"column\">\n\t\t\t<div class=\"elementor-widget-wrap\">\n\t\t\t\t\t\t\t<\/div>\n\t\t<\/div>\n\t\t\t\t\t<\/div>\n\t\t<\/section>\n\t\t\t\t\t<\/div>\n\t\t<\/div>\n\t\t\t\t\t<\/div>\n\t\t<\/section>\n\t\t<div class=\"elementor-element elementor-element-a6e51cd e-flex e-con-boxed wpr-particle-no wpr-jarallax-no wpr-parallax-no wpr-sticky-section-no e-con e-parent\" data-id=\"a6e51cd\" data-element_type=\"container\">\n\t\t\t\t\t<div class=\"e-con-inner\">\n\t\t<div class=\"elementor-element elementor-element-27ea509 e-con-full e-flex wpr-particle-no wpr-jarallax-no wpr-parallax-no wpr-sticky-section-no e-con e-child\" data-id=\"27ea509\" data-element_type=\"container\">\n\t\t\t\t<div class=\"elementor-element elementor-element-a411784 elementor-widget elementor-widget-image\" data-id=\"a411784\" data-element_type=\"widget\" data-widget_type=\"image.default\">\n\t\t\t\t\t\t\t\t\t\t\t\t\t\t\t<img fetchpriority=\"high\" decoding=\"async\" width=\"960\" height=\"960\" src=\"https:\/\/kolaysofteczaci.com\/wp-content\/uploads\/2026\/01\/Basliksiz-1-1024x1024.png\" class=\"attachment-large size-large wp-image-240\" alt=\"\" srcset=\"https:\/\/kolaysofteczaci.com\/wp-content\/uploads\/2026\/01\/Basliksiz-1-1024x1024.png 1024w, https:\/\/kolaysofteczaci.com\/wp-content\/uploads\/2026\/01\/Basliksiz-1-300x300.png 300w, https:\/\/kolaysofteczaci.com\/wp-content\/uploads\/2026\/01\/Basliksiz-1-150x150.png 150w, https:\/\/kolaysofteczaci.com\/wp-content\/uploads\/2026\/01\/Basliksiz-1-768x768.png 768w, https:\/\/kolaysofteczaci.com\/wp-content\/uploads\/2026\/01\/Basliksiz-1.png 1500w\" sizes=\"(max-width: 960px) 100vw, 960px\" \/>\t\t\t\t\t\t\t\t\t\t\t\t\t\t\t<\/div>\n\t\t\t\t<\/div>\n\t\t<div class=\"elementor-element elementor-element-c4bc2e4 e-con-full e-flex wpr-particle-no wpr-jarallax-no wpr-parallax-no wpr-sticky-section-no e-con e-child\" data-id=\"c4bc2e4\" data-element_type=\"container\">\n\t\t\t\t<div class=\"elementor-element elementor-element-ce8fbd7 elementor-widget elementor-widget-text-editor\" data-id=\"ce8fbd7\" data-element_type=\"widget\" data-widget_type=\"text-editor.default\">\n\t\t\t\t\t\t\t\t\t<p>Dijital d\u00fcnyada, eczanenizin ekonomisini her an yan\u0131n\u0131zda ta\u015f\u0131man\u0131z\u0131 sa\u011flayan Ally, Kolaysoft Teknoloji taraf\u0131ndan eczac\u0131lar i\u00e7in \u00f6zel olarak tasarlanm\u0131\u015f bir mobil uygulamad\u0131r.<\/p>\t\t\t\t\t\t\t\t<\/div>\n\t\t\t\t<div class=\"elementor-element elementor-element-9a04033 elementor-widget elementor-widget-heading\" data-id=\"9a04033\" data-element_type=\"widget\" data-widget_type=\"heading.default\">\n\t\t\t\t\t<h2 class=\"elementor-heading-title elementor-size-default\">Dijital Asistan\u0131n\u0131z Ally'\u0131<br>\nHemen \u015eimdi Deneyin!<\/h2>\t\t\t\t<\/div>\n\t\t<div class=\"elementor-element elementor-element-ad2822b e-con-full e-flex wpr-particle-no wpr-jarallax-no wpr-parallax-no wpr-sticky-section-no e-con e-child\" data-id=\"ad2822b\" data-element_type=\"container\">\n\t\t\t\t<div class=\"elementor-element elementor-element-aea9132 elementor-widget elementor-widget-image\" data-id=\"aea9132\" data-element_type=\"widget\" data-widget_type=\"image.default\">\n\t\t\t\t\t\t\t\t\t\t\t\t\t\t\t\t<a href=\"https:\/\/play.google.com\/store\/apps\/details?id=com.kolaysoft.ally&#038;pcampaignid=web_share\">\n\t\t\t\t\t\t\t<img decoding=\"async\" width=\"167\" height=\"55\" src=\"https:\/\/kolaysofteczaci.com\/wp-content\/uploads\/2026\/01\/google_Play_027f635bba.webp\" class=\"elementor-animation-grow attachment-large size-large wp-image-1198\" alt=\"\" \/>\t\t\t\t\t\t\t\t<\/a>\n\t\t\t\t\t\t\t\t\t\t\t\t\t\t\t<\/div>\n\t\t\t\t<div class=\"elementor-element elementor-element-6529d13 elementor-widget elementor-widget-image\" data-id=\"6529d13\" data-element_type=\"widget\" data-widget_type=\"image.default\">\n\t\t\t\t\t\t\t\t\t\t\t\t\t\t\t\t<a href=\"https:\/\/apps.apple.com\/tr\/app\/ally\/id6654928295?l=tr\">\n\t\t\t\t\t\t\t<img decoding=\"async\" width=\"167\" height=\"55\" src=\"https:\/\/kolaysofteczaci.com\/wp-content\/uploads\/2026\/01\/app_Store_4ac6c01ec8.webp\" class=\"elementor-animation-grow attachment-large size-large wp-image-1199\" alt=\"\" \/>\t\t\t\t\t\t\t\t<\/a>\n\t\t\t\t\t\t\t\t\t\t\t\t\t\t\t<\/div>\n\t\t\t\t<\/div>\n\t\t\t\t<\/div>\n\t\t\t\t\t<\/div>\n\t\t\t\t<\/div>\n\t\t<div class=\"elementor-element elementor-element-c494acf e-flex e-con-boxed wpr-particle-no wpr-jarallax-no wpr-parallax-no wpr-sticky-section-no e-con e-parent\" data-id=\"c494acf\" data-element_type=\"container\">\n\t\t\t\t\t<div class=\"e-con-inner\">\n\t\t<div class=\"elementor-element elementor-element-abd97fd e-con-full e-flex wpr-particle-no wpr-jarallax-no wpr-parallax-no wpr-sticky-section-no e-con e-child\" data-id=\"abd97fd\" data-element_type=\"container\" data-settings=\"{&quot;background_background&quot;:&quot;classic&quot;}\">\n\t\t\t\t<div class=\"elementor-element elementor-element-00775d2 elementor-widget__width-initial elementor-widget elementor-widget-image\" data-id=\"00775d2\" data-element_type=\"widget\" data-widget_type=\"image.default\">\n\t\t\t\t\t\t\t\t\t\t\t\t\t\t\t<img loading=\"lazy\" decoding=\"async\" width=\"739\" height=\"923\" src=\"https:\/\/kolaysofteczaci.com\/wp-content\/uploads\/2026\/01\/IMG-20241010-WA0009-e1769687100886.jpg\" class=\"elementor-animation-float attachment-full size-full wp-image-1511\" alt=\"\" srcset=\"https:\/\/kolaysofteczaci.com\/wp-content\/uploads\/2026\/01\/IMG-20241010-WA0009-e1769687100886.jpg 739w, https:\/\/kolaysofteczaci.com\/wp-content\/uploads\/2026\/01\/IMG-20241010-WA0009-e1769687100886-240x300.jpg 240w\" sizes=\"(max-width: 739px) 100vw, 739px\" \/>\t\t\t\t\t\t\t\t\t\t\t\t\t\t\t<\/div>\n\t\t\t\t<div class=\"elementor-element elementor-element-36107a3 elementor-widget elementor-widget-heading\" data-id=\"36107a3\" data-element_type=\"widget\" data-widget_type=\"heading.default\">\n\t\t\t\t\t<h5 class=\"elementor-heading-title elementor-size-default\">SGK G\u00d6\u00c7 ve Kamu\nfaturalar\u0131n\u0131z\u0131 kolayca takip edebilirsiniz. <\/h5>\t\t\t\t<\/div>\n\t\t\t\t<\/div>\n\t\t<div class=\"elementor-element elementor-element-60a6a9d e-con-full e-flex wpr-particle-no wpr-jarallax-no wpr-parallax-no wpr-sticky-section-no e-con e-child\" data-id=\"60a6a9d\" data-element_type=\"container\" data-settings=\"{&quot;background_background&quot;:&quot;classic&quot;}\">\n\t\t\t\t<div class=\"elementor-element elementor-element-96be4d2 elementor-widget__width-initial elementor-widget elementor-widget-image\" data-id=\"96be4d2\" data-element_type=\"widget\" data-widget_type=\"image.default\">\n\t\t\t\t\t\t\t\t\t\t\t\t\t\t\t<img loading=\"lazy\" decoding=\"async\" width=\"739\" height=\"900\" src=\"https:\/\/kolaysofteczaci.com\/wp-content\/uploads\/2026\/01\/IMG-20241010-WA0002-e1769687270706.jpg\" class=\"elementor-animation-float attachment-full size-full wp-image-1518\" alt=\"\" srcset=\"https:\/\/kolaysofteczaci.com\/wp-content\/uploads\/2026\/01\/IMG-20241010-WA0002-e1769687270706.jpg 739w, https:\/\/kolaysofteczaci.com\/wp-content\/uploads\/2026\/01\/IMG-20241010-WA0002-e1769687270706-246x300.jpg 246w\" sizes=\"(max-width: 739px) 100vw, 739px\" \/>\t\t\t\t\t\t\t\t\t\t\t\t\t\t\t<\/div>\n\t\t\t\t<div class=\"elementor-element elementor-element-ffe21e9 elementor-widget elementor-widget-heading\" data-id=\"ffe21e9\" data-element_type=\"widget\" data-widget_type=\"heading.default\">\n\t\t\t\t\t<h4 class=\"elementor-heading-title elementor-size-default\">Gelen faturalar\u0131n\u0131za tek t\u0131kla ula\u015fabilirsiniz<\/h4>\t\t\t\t<\/div>\n\t\t\t\t<\/div>\n\t\t<div class=\"elementor-element elementor-element-bddcff5 e-con-full e-flex wpr-particle-no wpr-jarallax-no wpr-parallax-no wpr-sticky-section-no e-con e-child\" data-id=\"bddcff5\" data-element_type=\"container\" data-settings=\"{&quot;background_background&quot;:&quot;classic&quot;}\">\n\t\t\t\t<div class=\"elementor-element elementor-element-5369fae elementor-widget__width-initial elementor-widget elementor-widget-image\" data-id=\"5369fae\" data-element_type=\"widget\" data-widget_type=\"image.default\">\n\t\t\t\t\t\t\t\t\t\t\t\t\t\t\t<img loading=\"lazy\" decoding=\"async\" width=\"739\" height=\"900\" src=\"https:\/\/kolaysofteczaci.com\/wp-content\/uploads\/2026\/01\/takip.png\" class=\"elementor-animation-float attachment-full size-full wp-image-1524\" alt=\"\" srcset=\"https:\/\/kolaysofteczaci.com\/wp-content\/uploads\/2026\/01\/takip.png 739w, https:\/\/kolaysofteczaci.com\/wp-content\/uploads\/2026\/01\/takip-246x300.png 246w\" sizes=\"(max-width: 739px) 100vw, 739px\" \/>\t\t\t\t\t\t\t\t\t\t\t\t\t\t\t<\/div>\n\t\t\t\t<div class=\"elementor-element elementor-element-c7d7a05 elementor-widget elementor-widget-heading\" data-id=\"c7d7a05\" data-element_type=\"widget\" data-widget_type=\"heading.default\">\n\t\t\t\t\t<h4 class=\"elementor-heading-title elementor-size-default\">G\u00fcnl\u00fck, haftal\u0131k, ayl\u0131k ciro takibini anl\u0131k olarak yapabilirsiniz.<\/h4>\t\t\t\t<\/div>\n\t\t\t\t<\/div>\n\t\t\t\t\t<\/div>\n\t\t\t\t<\/div>\n\t\t\t\t<\/div>\n\t\t","protected":false},"excerpt":{"rendered":"<p>ALLY Dijital Asistan\u0131n\u0131z Ally ile Siz Neredeyseniz Eczanenizin Ekonomisi Art\u0131k Orada! Dijital d\u00fcnyada, eczanenizin ekonomisini her an yan\u0131n\u0131zda ta\u015f\u0131man\u0131z\u0131 sa\u011flayan Ally, Kolaysoft Teknoloji taraf\u0131ndan eczac\u0131lar i\u00e7in \u00f6zel olarak tasarlanm\u0131\u015f bir mobil uygulamad\u0131r. Dijital Asistan\u0131n\u0131z Ally&#8217;\u0131 Hemen \u015eimdi Deneyin! SGK G\u00d6\u00c7 ve Kamu faturalar\u0131n\u0131z\u0131 kolayca takip edebilirsiniz. Gelen faturalar\u0131n\u0131za tek t\u0131kla ula\u015fabilirsiniz G\u00fcnl\u00fck, haftal\u0131k, ayl\u0131k ciro takibini anl\u0131k olarak yapabilirsiniz.<\/p>\n","protected":false},"author":1,"featured_media":0,"parent":0,"menu_order":0,"comment_status":"closed","ping_status":"closed","template":"elementor_header_footer","meta":{"om_disable_all_campaigns":false,"_monsterinsights_skip_tracking":false,"_monsterinsights_sitenote_active":false,"_monsterinsights_sitenote_note":"","_monsterinsights_sitenote_category":0,"footnotes":""},"class_list":["post-393","page","type-page","status-publish","hentry"],"yoast_head":"<!-- This site is optimized with the Yoast SEO Premium plugin v27.3 (Yoast SEO v27.3) - https:\/\/yoast.com\/product\/yoast-seo-premium-wordpress\/ -->\n<title>ALLY - KolaysoftEczac\u0131<\/title>\n<meta name=\"robots\" content=\"index, follow, max-snippet:-1, max-image-preview:large, max-video-preview:-1\" \/>\n<link rel=\"canonical\" href=\"https:\/\/kolaysofteczaci.com\/index.php\/ally\/\" \/>\n<meta property=\"og:locale\" content=\"tr_TR\" \/>\n<meta property=\"og:type\" content=\"article\" \/>\n<meta property=\"og:title\" content=\"ALLY\" \/>\n<meta property=\"og:description\" content=\"ALLY Dijital Asistan\u0131n\u0131z Ally ile Siz Neredeyseniz Eczanenizin Ekonomisi Art\u0131k Orada! Dijital d\u00fcnyada, eczanenizin ekonomisini her an yan\u0131n\u0131zda ta\u015f\u0131man\u0131z\u0131 sa\u011flayan Ally, Kolaysoft Teknoloji taraf\u0131ndan eczac\u0131lar i\u00e7in \u00f6zel olarak tasarlanm\u0131\u015f bir mobil uygulamad\u0131r. Dijital Asistan\u0131n\u0131z Ally&#8217;\u0131 Hemen \u015eimdi Deneyin! SGK G\u00d6\u00c7 ve Kamu faturalar\u0131n\u0131z\u0131 kolayca takip edebilirsiniz. Gelen faturalar\u0131n\u0131za tek t\u0131kla ula\u015fabilirsiniz G\u00fcnl\u00fck, haftal\u0131k, ayl\u0131k ciro takibini anl\u0131k olarak yapabilirsiniz.\" \/>\n<meta property=\"og:url\" content=\"https:\/\/kolaysofteczaci.com\/index.php\/ally\/\" \/>\n<meta property=\"og:site_name\" content=\"KolaysoftEczac\u0131\" \/>\n<meta property=\"article:modified_time\" content=\"2026-04-10T14:31:17+00:00\" \/>\n<meta property=\"og:image\" content=\"https:\/\/kolaysofteczaci.com\/wp-content\/uploads\/2026\/01\/Basliksiz-1.png\" \/>\n\t<meta property=\"og:image:width\" content=\"1500\" \/>\n\t<meta property=\"og:image:height\" content=\"1500\" \/>\n\t<meta property=\"og:image:type\" content=\"image\/png\" \/>\n<meta name=\"twitter:card\" content=\"summary_large_image\" \/>\n<meta name=\"twitter:label1\" content=\"Tahmini okuma s\u00fcresi\" \/>\n\t<meta name=\"twitter:data1\" content=\"1 dakika\" \/>\n<script type=\"application\/ld+json\" class=\"yoast-schema-graph\">{\"@context\":\"https:\\\/\\\/schema.org\",\"@graph\":[{\"@type\":\"WebPage\",\"@id\":\"https:\\\/\\\/kolaysofteczaci.com\\\/index.php\\\/ally\\\/\",\"url\":\"https:\\\/\\\/kolaysofteczaci.com\\\/index.php\\\/ally\\\/\",\"name\":\"ALLY - KolaysoftEczac\u0131\",\"isPartOf\":{\"@id\":\"https:\\\/\\\/kolaysofteczaci.com\\\/#website\"},\"primaryImageOfPage\":{\"@id\":\"https:\\\/\\\/kolaysofteczaci.com\\\/index.php\\\/ally\\\/#primaryimage\"},\"image\":{\"@id\":\"https:\\\/\\\/kolaysofteczaci.com\\\/index.php\\\/ally\\\/#primaryimage\"},\"thumbnailUrl\":\"https:\\\/\\\/kolaysofteczaci.com\\\/wp-content\\\/uploads\\\/2026\\\/01\\\/Basliksiz-1-1024x1024.png\",\"datePublished\":\"2026-01-19T06:55:59+00:00\",\"dateModified\":\"2026-04-10T14:31:17+00:00\",\"breadcrumb\":{\"@id\":\"https:\\\/\\\/kolaysofteczaci.com\\\/index.php\\\/ally\\\/#breadcrumb\"},\"inLanguage\":\"tr\",\"potentialAction\":[{\"@type\":\"ReadAction\",\"target\":[\"https:\\\/\\\/kolaysofteczaci.com\\\/index.php\\\/ally\\\/\"]}]},{\"@type\":\"ImageObject\",\"inLanguage\":\"tr\",\"@id\":\"https:\\\/\\\/kolaysofteczaci.com\\\/index.php\\\/ally\\\/#primaryimage\",\"url\":\"https:\\\/\\\/kolaysofteczaci.com\\\/wp-content\\\/uploads\\\/2026\\\/01\\\/Basliksiz-1.png\",\"contentUrl\":\"https:\\\/\\\/kolaysofteczaci.com\\\/wp-content\\\/uploads\\\/2026\\\/01\\\/Basliksiz-1.png\",\"width\":1500,\"height\":1500},{\"@type\":\"BreadcrumbList\",\"@id\":\"https:\\\/\\\/kolaysofteczaci.com\\\/index.php\\\/ally\\\/#breadcrumb\",\"itemListElement\":[{\"@type\":\"ListItem\",\"position\":1,\"name\":\"Anasayfa\",\"item\":\"https:\\\/\\\/kolaysofteczaci.com\\\/\"},{\"@type\":\"ListItem\",\"position\":2,\"name\":\"ALLY\"}]},{\"@type\":\"WebSite\",\"@id\":\"https:\\\/\\\/kolaysofteczaci.com\\\/#website\",\"url\":\"https:\\\/\\\/kolaysofteczaci.com\\\/\",\"name\":\"KolaysoftEczac\u0131\",\"description\":\"Eczaneniz i\u00e7in u\u00e7tan uca dijital \u00e7\u00f6z\u00fcmler.\",\"publisher\":{\"@id\":\"https:\\\/\\\/kolaysofteczaci.com\\\/#organization\"},\"potentialAction\":[{\"@type\":\"SearchAction\",\"target\":{\"@type\":\"EntryPoint\",\"urlTemplate\":\"https:\\\/\\\/kolaysofteczaci.com\\\/?s={search_term_string}\"},\"query-input\":{\"@type\":\"PropertyValueSpecification\",\"valueRequired\":true,\"valueName\":\"search_term_string\"}}],\"inLanguage\":\"tr\"},{\"@type\":\"Organization\",\"@id\":\"https:\\\/\\\/kolaysofteczaci.com\\\/#organization\",\"name\":\"KolaysoftEczac\u0131\",\"url\":\"https:\\\/\\\/kolaysofteczaci.com\\\/\",\"logo\":{\"@type\":\"ImageObject\",\"inLanguage\":\"tr\",\"@id\":\"https:\\\/\\\/kolaysofteczaci.com\\\/#\\\/schema\\\/logo\\\/image\\\/\",\"url\":\"https:\\\/\\\/kolaysofteczaci.com\\\/wp-content\\\/uploads\\\/2026\\\/01\\\/kolaysofteczaci.png\",\"contentUrl\":\"https:\\\/\\\/kolaysofteczaci.com\\\/wp-content\\\/uploads\\\/2026\\\/01\\\/kolaysofteczaci.png\",\"width\":1500,\"height\":274,\"caption\":\"KolaysoftEczac\u0131\"},\"image\":{\"@id\":\"https:\\\/\\\/kolaysofteczaci.com\\\/#\\\/schema\\\/logo\\\/image\\\/\"}}]}<\/script>\n<!-- \/ Yoast SEO Premium plugin. -->","yoast_head_json":{"title":"ALLY - KolaysoftEczac\u0131","robots":{"index":"index","follow":"follow","max-snippet":"max-snippet:-1","max-image-preview":"max-image-preview:large","max-video-preview":"max-video-preview:-1"},"canonical":"https:\/\/kolaysofteczaci.com\/index.php\/ally\/","og_locale":"tr_TR","og_type":"article","og_title":"ALLY","og_description":"ALLY Dijital Asistan\u0131n\u0131z Ally ile Siz Neredeyseniz Eczanenizin Ekonomisi Art\u0131k Orada! Dijital d\u00fcnyada, eczanenizin ekonomisini her an yan\u0131n\u0131zda ta\u015f\u0131man\u0131z\u0131 sa\u011flayan Ally, Kolaysoft Teknoloji taraf\u0131ndan eczac\u0131lar i\u00e7in \u00f6zel olarak tasarlanm\u0131\u015f bir mobil uygulamad\u0131r. Dijital Asistan\u0131n\u0131z Ally&#8217;\u0131 Hemen \u015eimdi Deneyin! SGK G\u00d6\u00c7 ve Kamu faturalar\u0131n\u0131z\u0131 kolayca takip edebilirsiniz. Gelen faturalar\u0131n\u0131za tek t\u0131kla ula\u015fabilirsiniz G\u00fcnl\u00fck, haftal\u0131k, ayl\u0131k ciro takibini anl\u0131k olarak yapabilirsiniz.","og_url":"https:\/\/kolaysofteczaci.com\/index.php\/ally\/","og_site_name":"KolaysoftEczac\u0131","article_modified_time":"2026-04-10T14:31:17+00:00","og_image":[{"width":1500,"height":1500,"url":"https:\/\/kolaysofteczaci.com\/wp-content\/uploads\/2026\/01\/Basliksiz-1.png","type":"image\/png"}],"twitter_card":"summary_large_image","twitter_misc":{"Tahmini okuma s\u00fcresi":"1 dakika"},"schema":{"@context":"https:\/\/schema.org","@graph":[{"@type":"WebPage","@id":"https:\/\/kolaysofteczaci.com\/index.php\/ally\/","url":"https:\/\/kolaysofteczaci.com\/index.php\/ally\/","name":"ALLY - KolaysoftEczac\u0131","isPartOf":{"@id":"https:\/\/kolaysofteczaci.com\/#website"},"primaryImageOfPage":{"@id":"https:\/\/kolaysofteczaci.com\/index.php\/ally\/#primaryimage"},"image":{"@id":"https:\/\/kolaysofteczaci.com\/index.php\/ally\/#primaryimage"},"thumbnailUrl":"https:\/\/kolaysofteczaci.com\/wp-content\/uploads\/2026\/01\/Basliksiz-1-1024x1024.png","datePublished":"2026-01-19T06:55:59+00:00","dateModified":"2026-04-10T14:31:17+00:00","breadcrumb":{"@id":"https:\/\/kolaysofteczaci.com\/index.php\/ally\/#breadcrumb"},"inLanguage":"tr","potentialAction":[{"@type":"ReadAction","target":["https:\/\/kolaysofteczaci.com\/index.php\/ally\/"]}]},{"@type":"ImageObject","inLanguage":"tr","@id":"https:\/\/kolaysofteczaci.com\/index.php\/ally\/#primaryimage","url":"https:\/\/kolaysofteczaci.com\/wp-content\/uploads\/2026\/01\/Basliksiz-1.png","contentUrl":"https:\/\/kolaysofteczaci.com\/wp-content\/uploads\/2026\/01\/Basliksiz-1.png","width":1500,"height":1500},{"@type":"BreadcrumbList","@id":"https:\/\/kolaysofteczaci.com\/index.php\/ally\/#breadcrumb","itemListElement":[{"@type":"ListItem","position":1,"name":"Anasayfa","item":"https:\/\/kolaysofteczaci.com\/"},{"@type":"ListItem","position":2,"name":"ALLY"}]},{"@type":"WebSite","@id":"https:\/\/kolaysofteczaci.com\/#website","url":"https:\/\/kolaysofteczaci.com\/","name":"KolaysoftEczac\u0131","description":"Eczaneniz i\u00e7in u\u00e7tan uca dijital \u00e7\u00f6z\u00fcmler.","publisher":{"@id":"https:\/\/kolaysofteczaci.com\/#organization"},"potentialAction":[{"@type":"SearchAction","target":{"@type":"EntryPoint","urlTemplate":"https:\/\/kolaysofteczaci.com\/?s={search_term_string}"},"query-input":{"@type":"PropertyValueSpecification","valueRequired":true,"valueName":"search_term_string"}}],"inLanguage":"tr"},{"@type":"Organization","@id":"https:\/\/kolaysofteczaci.com\/#organization","name":"KolaysoftEczac\u0131","url":"https:\/\/kolaysofteczaci.com\/","logo":{"@type":"ImageObject","inLanguage":"tr","@id":"https:\/\/kolaysofteczaci.com\/#\/schema\/logo\/image\/","url":"https:\/\/kolaysofteczaci.com\/wp-content\/uploads\/2026\/01\/kolaysofteczaci.png","contentUrl":"https:\/\/kolaysofteczaci.com\/wp-content\/uploads\/2026\/01\/kolaysofteczaci.png","width":1500,"height":274,"caption":"KolaysoftEczac\u0131"},"image":{"@id":"https:\/\/kolaysofteczaci.com\/#\/schema\/logo\/image\/"}}]}},"_links":{"self":[{"href":"https:\/\/kolaysofteczaci.com\/index.php\/wp-json\/wp\/v2\/pages\/393","targetHints":{"allow":["GET"]}}],"collection":[{"href":"https:\/\/kolaysofteczaci.com\/index.php\/wp-json\/wp\/v2\/pages"}],"about":[{"href":"https:\/\/kolaysofteczaci.com\/index.php\/wp-json\/wp\/v2\/types\/page"}],"author":[{"embeddable":true,"href":"https:\/\/kolaysofteczaci.com\/index.php\/wp-json\/wp\/v2\/users\/1"}],"replies":[{"embeddable":true,"href":"https:\/\/kolaysofteczaci.com\/index.php\/wp-json\/wp\/v2\/comments?post=393"}],"version-history":[{"count":97,"href":"https:\/\/kolaysofteczaci.com\/index.php\/wp-json\/wp\/v2\/pages\/393\/revisions"}],"predecessor-version":[{"id":6615,"href":"https:\/\/kolaysofteczaci.com\/index.php\/wp-json\/wp\/v2\/pages\/393\/revisions\/6615"}],"wp:attachment":[{"href":"https:\/\/kolaysofteczaci.com\/index.php\/wp-json\/wp\/v2\/media?parent=393"}],"curies":[{"name":"wp","href":"https:\/\/api.w.org\/{rel}","templated":true}]}}